{"id":12,"date":"2011-05-03T11:00:08","date_gmt":"2011-05-03T11:00:08","guid":{"rendered":"http:\/\/imediapixel.com\/demo\/ecobiz\/?page_id=12"},"modified":"2024-02-01T17:51:05","modified_gmt":"2024-02-01T15:51:05","slug":"services","status":"publish","type":"page","link":"https:\/\/eintrachtfanclub.de\/index.php\/services\/","title":{"rendered":"Infos"},"content":{"rendered":"<h1 align=\"center\">Wichtige Infos zum EFC Freigericht<\/h1>\n<p align=\"center\"><span style=\"text-decoration: underline;\">\u00a0<\/span><\/p>\n<h3>Unser Fanbus startet im Normalfall immer<\/h3>\n<h3>3 Stunden vor Spielbeginn in\u00a0 Somborn am Busbahnhof, dann folgen Neuses, Horbach, Altenmittlau, (Bernbach auf Anmeldung), Hasselroth und Langenselbold (Markt am Ring).<\/h3>\n<h3>Zu Spielen in der Conferenceleague ist die Abfahrt 4 Stunden vor Beginn,<\/h3>\n<h3>genaue Infos erhaltet ihr immer aktuell in unserer WhatsApp Gruppe<\/h3>\n<h3>Die aktuellen Spieltermine findet ihr\u00a0hier :\u00a0<a href=\"http:\/\/www.eintracht.de\/saison\/spielplan\/\" target=\"_blank\" rel=\"noopener\">Spielplan &#8211; Eintracht<\/a><\/h3>\n<h2 align=\"center\">Anmeldung<\/h2>\n<h3>Mitfahrt ist nur nach vorheriger <strong>Anmeldung<\/strong> m\u00f6glich &#8211; aufgrund der beschr\u00e4nkten Buskapazit\u00e4ten werden EFC-Dauerkarteninhaber, Stammfahrer und Mitglieder hier immer bevorzugt.<\/h3>\n<h3>Kontakt : <a href=\"https:\/\/eintrachtfanclub.de\/index.php\/heimspiel\/\">https:\/\/eintrachtfanclub.de\/index.php\/heimspiel\/<\/a><\/h3>\n<h3>Karten k\u00f6nnen wir nicht anbieten, bitte selbst rechtzeitig bei <a href=\"http:\/\/www.eintracht.de\">www.eintracht.de<\/a> bestellen<\/h3>\n<h3><strong>G\u00e4stefans<\/strong> nehmen wir auch gerne mit, es gilt aber eine feste Regel : Keinerlei offen getragene Fanartikel ( Trikot, Schal, M\u00fctze etc. ) des Gegners im Bus und am Parkplatz Gleisdreieck &#8211; wer sich nicht daran h\u00e4lt darf leider nicht einsteigen, das ist auch zu eurer eigenen Sicherheit, speziell am Gleisdreieck.<\/h3>\n<h2 align=\"center\">Preise<\/h2>\n<h3>Monatsbeitrag Mitglieder : EUR 5.11<\/h3>\n<h3>Fahrtkosten Mitglieder : EUR 6.-<\/h3>\n<h3>Fahrtkosten Nichtmitglieder : EUR 12.-<\/h3>\n<h3>Alle Getr\u00e4nke im Bus : EUR 1.50<\/h3>\n<h2 align=\"center\">Mitgliedschaft<\/h2>\n<h3>Aktuell sind unsere Kapazit\u00e4ten zur Aufnahme neuer Mitglieder leider komplett ausgesch\u00f6pft &amp; wir k\u00f6nnen daher keine neuen Mitgliedsantr\u00e4ge annehmen.<\/h3>\n<h3>Sollte sich an dieser Situation etwas \u00e4ndern informieren wir euch an dieser Stelle schnellstm\u00f6glich und bitten um euer Verst\u00e4ndnis f\u00fcr diese Ma\u00dfnahme.<\/h3>\n<h3>Einverst\u00e4ndniserkl\u00e4rung, Pflicht f\u00fcr jugendliche Mitfahrer : <a href=\"http:\/\/www.eintrachtfanclub.de\/html\/file\/einverstaendnis.pdf\" target=\"_blank\" rel=\"noopener\">Einverst\u00e4ndniserkl\u00e4rung<\/a><\/h3>\n<h3>Unsere Satzung gibt es\u00a0hier :\u00a0<a href=\"http:\/\/www.eintrachtfanclub.de\/html\/file\/satzung.pdf\" target=\"_blank\" rel=\"noopener\">Satzung EFC Freigericht<\/a><\/h3>\n<p align=\"center\">\n","protected":false},"excerpt":{"rendered":"<p>Wichtige Infos zum EFC Freigericht \u00a0 Unser Fanbus startet im Normalfall immer 3 Stunden vor Spielbeginn in\u00a0 Somborn am Busbahnhof, dann folgen Neuses, Horbach, Altenmittlau, (Bernbach auf Anmeldung), Hasselroth und Langenselbold (Markt am Ring). Zu Spielen in der Conferenceleague ist die Abfahrt 4 Stunden vor Beginn, genaue Infos erhaltet ihr immer aktuell in unserer WhatsApp [&hellip;]<\/p>\n","protected":false},"author":305,"featured_media":0,"parent":0,"menu_order":0,"comment_status":"open","ping_status":"open","template":"","meta":{"footnotes":""},"class_list":["post-12","page","type-page","status-publish","hentry"],"_links":{"self":[{"href":"https:\/\/eintrachtfanclub.de\/index.php\/wp-json\/wp\/v2\/pages\/12","targetHints":{"allow":["GET"]}}],"collection":[{"href":"https:\/\/eintrachtfanclub.de\/index.php\/wp-json\/wp\/v2\/pages"}],"about":[{"href":"https:\/\/eintrachtfanclub.de\/index.php\/wp-json\/wp\/v2\/types\/page"}],"author":[{"embeddable":true,"href":"https:\/\/eintrachtfanclub.de\/index.php\/wp-json\/wp\/v2\/users\/305"}],"replies":[{"embeddable":true,"href":"https:\/\/eintrachtfanclub.de\/index.php\/wp-json\/wp\/v2\/comments?post=12"}],"version-history":[{"count":18,"href":"https:\/\/eintrachtfanclub.de\/index.php\/wp-json\/wp\/v2\/pages\/12\/revisions"}],"predecessor-version":[{"id":2270,"href":"https:\/\/eintrachtfanclub.de\/index.php\/wp-json\/wp\/v2\/pages\/12\/revisions\/2270"}],"wp:attachment":[{"href":"https:\/\/eintrachtfanclub.de\/index.php\/wp-json\/wp\/v2\/media?parent=12"}],"curies":[{"name":"wp","href":"https:\/\/api.w.org\/{rel}","templated":true}]}}